{"id":3254,"date":"2021-09-10T16:06:39","date_gmt":"2021-09-10T14:06:39","guid":{"rendered":"http:\/\/websplash.affeldt.com\/impressum\/"},"modified":"2024-12-05T10:52:48","modified_gmt":"2024-12-05T09:52:48","slug":"impressum","status":"publish","type":"page","link":"https:\/\/www.affeldt.com\/en\/impressum\/","title":{"rendered":"Impressum"},"content":{"rendered":"\t\t<div data-elementor-type=\"wp-page\" data-elementor-id=\"3254\" class=\"elementor elementor-3254 elementor-431\" data-elementor-post-type=\"page\">\n\t\t\t\t\t\t<section class=\"elementor-section elementor-top-section elementor-element elementor-element-4202fdf elementor-section-boxed elementor-section-height-default elementor-section-height-default\" data-id=\"4202fdf\" data-element_type=\"section\" data-e-type=\"section\">\n\t\t\t\t\t\t<div class=\"elementor-container elementor-column-gap-default\">\n\t\t\t\t\t<div class=\"elementor-column elementor-col-100 elementor-top-column elementor-element elementor-element-1af7f68\" data-id=\"1af7f68\" data-element_type=\"column\" data-e-type=\"column\">\n\t\t\t<div class=\"elementor-widget-wrap elementor-element-populated\">\n\t\t\t\t\t\t<div class=\"elementor-element elementor-element-d5ed169 elementor-widget-divider--view-line elementor-widget elementor-widget-divider\" data-id=\"d5ed169\" data-element_type=\"widget\" data-e-type=\"widget\" data-widget_type=\"divider.default\">\n\t\t\t\t<div class=\"elementor-widget-container\">\n\t\t\t\t\t\t\t<div class=\"elementor-divider\">\n\t\t\t<span class=\"elementor-divider-separator\">\n\t\t\t\t\t\t<\/span>\n\t\t<\/div>\n\t\t\t\t\t\t<\/div>\n\t\t\t\t<\/div>\n\t\t\t\t\t<\/div>\n\t\t<\/div>\n\t\t\t\t\t<\/div>\n\t\t<\/section>\n\t\t\t\t<section class=\"elementor-section elementor-top-section elementor-element elementor-element-20f4222d elementor-section-boxed elementor-section-height-default elementor-section-height-default\" data-id=\"20f4222d\" data-element_type=\"section\" data-e-type=\"section\">\n\t\t\t\t\t\t<div class=\"elementor-container elementor-column-gap-default\">\n\t\t\t\t\t<div class=\"elementor-column elementor-col-100 elementor-top-column elementor-element elementor-element-f37f721\" data-id=\"f37f721\" data-element_type=\"column\" data-e-type=\"column\">\n\t\t\t<div class=\"elementor-widget-wrap elementor-element-populated\">\n\t\t\t\t\t\t<div class=\"elementor-element elementor-element-030fa10 elementor-widget elementor-widget-heading\" data-id=\"030fa10\" data-element_type=\"widget\" data-e-type=\"widget\" data-widget_type=\"heading.default\">\n\t\t\t\t<div class=\"elementor-widget-container\">\n\t\t\t\t\t<h1 class=\"elementor-heading-title elementor-size-default\">Impressum<\/h1>\t\t\t\t<\/div>\n\t\t\t\t<\/div>\n\t\t\t\t<div class=\"elementor-element elementor-element-46871bf1 elementor-widget elementor-widget-text-editor\" data-id=\"46871bf1\" data-element_type=\"widget\" data-e-type=\"widget\" data-widget_type=\"text-editor.default\">\n\t\t\t\t<div class=\"elementor-widget-container\">\n\t\t\t\t\t\t\t\t\t<p><strong>Sitz der Gesellschaft<br \/><\/strong>AFFELDT Maschinenbau GmbH<br \/>Altendeich 14<br \/>25335 Neuendorf<\/p><p><strong>Gesch\u00e4ftsf\u00fchrer<\/strong><br \/>Dipl.-Ing. Wolfgang Fass, Dipl.-Wirt.-Ing. Burkhard Volbert und M.Sc. Ludwig Volbert<\/p><p><strong>Kontakt<\/strong><br \/>T\u00a0 +49 4121\u00a0 296\u00a0 0<br \/>F\u00a0 +49 4121\u00a0 296 148<\/p><p>info@affeldt.com<br \/>www.affeldt.com<\/p><p><strong>Registereintrag<\/strong><br \/>Eintragung im Handelsregister.<br \/>Registergericht: 25335 Neuendorf bei Elmshorn<br \/>Registernummer: AG Pinneberg HRB 8708 PI<\/p><p><strong>Umsatzsteuer-Identifikationsnummer<\/strong><br \/>DE 2722 41 536<\/p><p><strong>Gestaltung und Programmierung:<\/strong><br \/><span class=\"websplash_title\">websplash<\/span> \/\/ Teil der McFoxx GmbH<br \/>Euskirchener Stra\u00dfe 30<br \/>53121 Bonn<br \/>tel.: <a href=\"&quot;tel:+4922876388582\">0228 763 885 82<\/a><br \/>web: <a href=\"https:\/\/websplash.de\" target=\" _blank\">websplash.de<\/a><br \/>eMail: <a href=\"mailto:info@websplash.de\">info@websplash.de<\/a><\/p>\t\t\t\t\t\t\t\t<\/div>\n\t\t\t\t<\/div>\n\t\t\t\t\t<\/div>\n\t\t<\/div>\n\t\t\t\t\t<\/div>\n\t\t<\/section>\n\t\t\t\t<section class=\"elementor-section elementor-top-section elementor-element elementor-element-dfdf64e elementor-section-boxed elementor-section-height-default elementor-section-height-default\" data-id=\"dfdf64e\" data-element_type=\"section\" data-e-type=\"section\">\n\t\t\t\t\t\t<div class=\"elementor-container elementor-column-gap-default\">\n\t\t\t\t\t<div class=\"elementor-column elementor-col-100 elementor-top-column elementor-element elementor-element-602adcd\" data-id=\"602adcd\" data-element_type=\"column\" data-e-type=\"column\">\n\t\t\t<div class=\"elementor-widget-wrap elementor-element-populated\">\n\t\t\t\t\t\t<div class=\"elementor-element elementor-element-486fefe elementor-widget elementor-widget-heading\" data-id=\"486fefe\" data-element_type=\"widget\" data-e-type=\"widget\" data-widget_type=\"heading.default\">\n\t\t\t\t<div class=\"elementor-widget-container\">\n\t\t\t\t\t<h2 class=\"elementor-heading-title elementor-size-default\">Haftungsausschluss<\/h2>\t\t\t\t<\/div>\n\t\t\t\t<\/div>\n\t\t\t\t<div class=\"elementor-element elementor-element-6aa1d88 elementor-widget elementor-widget-text-editor\" data-id=\"6aa1d88\" data-element_type=\"widget\" data-e-type=\"widget\" data-widget_type=\"text-editor.default\">\n\t\t\t\t<div class=\"elementor-widget-container\">\n\t\t\t\t\t\t\t\t\t<p><b>Haftung f\u00fcr Inhalte<br \/><\/b><span style=\"color: var( --e-global-color-text );\">Die Inhalte unserer Seiten wurden mit gr\u00f6\u00dfter Sorgfalt erstellt. F\u00fcr die Richtigkeit, Vollst\u00e4ndigkeit und Aktualit\u00e4t der Inhalte k\u00f6nnen wir jedoch keine Gew\u00e4hr \u00fcbernehmen. Als Diensteanbieter sind wir gem\u00e4\u00df \u00a7 7 Abs.1 TMG f\u00fcr eigene Inhalte auf diesen Seiten nach den allgemeinen Gesetzen verantwortlich. Nach \u00a7\u00a7 8 bis 10 TMG sind wir als Diensteanbieter jedoch nicht verpflichtet, \u00fcbermittelte oder gespeicherte fremde Informationen zu \u00fcberwachen oder nach Umst\u00e4nden zu forschen, die auf eine rechtswidrige T\u00e4tigkeit hinweisen. Verpflichtungen zur Entfernung oder Sperrung der Nutzung von Informationen nach den allgemeinen Gesetzen bleiben hiervon unber\u00fchrt. Eine diesbez\u00fcgliche Haftung ist jedoch erst ab dem Zeitpunkt der Kenntnis einer konkreten Rechtsverletzung m\u00f6glich. Bei Bekanntwerden von<\/span><\/p><p>entsprechenden Rechtsverletzungen werden wir diese Inhalte umgehend entfernen.<\/p><p><b>Haftung f\u00fcr Links<\/b><br \/>Unser Angebot enth\u00e4lt Links zu externen Webseiten Dritter, auf deren Inhalte wir keinen Einfluss haben. Deshalb k\u00f6nnen wir f\u00fcr diese fremden Inhalte auch keine Gew\u00e4hr \u00fcbernehmen. F\u00fcr die Inhalte der verlinkten Seiten ist stets der jeweilige Anbieter oder Betreiber der Seiten verantwortlich.<br \/>Die verlinkten Seiten wurden zum Zeitpunkt der Verlinkung auf m\u00f6gliche Rechtsverst\u00f6\u00dfe \u00fcberpr\u00fcft. Rechtswidrige Inhalte waren zum Zeitpunkt der Verlinkung nicht erkennbar. Eine permanente inhaltliche Kontrolle der verlinkten Seiten ist jedoch ohne konkrete Anhaltspunkte einer Rechtsverletzung nicht zumutbar. Bei Bekanntwerden von Rechtsverletzungen werden wir derartige Links umgehend entfernen.<\/p><p><b>Urheberrecht<\/b><br \/>Die durch die Seitenbetreiber erstellten Inhalte und Werke auf diesen Seiten unterliegen dem deutschen Urheberrecht. Die Vervielf\u00e4ltigung, Bearbeitung, Verbreitung und jede Art der Verwertung au\u00dferhalb der Grenzen des Urheberrechtes bed\u00fcrfen der schriftlichen Zustimmung des jeweiligen Autors bzw. Erstellers. Downloads und Kopien dieser Seite sind nur f\u00fcr den privaten, nicht kommerziellen Gebrauch gestattet. Soweit die Inhalte auf dieser Seite nicht vom Betreiber erstellt wurden, werden die Urheberrechte Dritter beachtet. Insbesondere werden Inhalte Dritter als solche gekennzeichnet. Sollten Sie trotzdem auf eine Urheberrechtsverletzung aufmerksam werden, bitten wir um einen entsprechenden Hinweis. Bei Bekanntwerden von Rechtsverletzungen werden wir derartige Inhalte umgehend entfernen.<\/p><p><b>Datenschutz<\/b><br \/>Die Nutzung unserer Webseite ist in der Regel ohne Angabe personenbezogener Daten m\u00f6glich. Soweit auf unseren Seiten personenbezogene Daten (beispielsweise Name, Anschrift oder eMail-Adressen) erhoben werden, erfolgt dies, soweit m\u00f6glich, stets auf freiwilliger Basis. Diese Daten werden ohne Ihre ausdr\u00fcckliche Zustimmung nicht an Dritte weitergegeben.Wir weisen darauf hin, dass die Daten\u00fcbertragung im Internet (z.B. bei der Kommunikation per E-Mail) Sicherheitsl\u00fccken aufweisen kann. Ein l\u00fcckenloser Schutz der Daten vor dem Zugriff durch Dritte ist nicht m\u00f6glich.<\/p><p>Der Nutzung von im Rahmen der Impressumspflicht ver\u00f6ffentlichten Kontaktdaten durch Dritte zur \u00dcbersendung von nicht ausdr\u00fccklich angeforderter Werbung und Informationsmaterialien wird hiermit ausdr\u00fccklich widersprochen. Die Betreiber der Seiten behalten sich ausdr\u00fccklich rechtliche Schritte im Falle der unverlangten Zusendung von Werbeinformationen, etwa durch Spam-Mails, vor.<\/p>\t\t\t\t\t\t\t\t<\/div>\n\t\t\t\t<\/div>\n\t\t\t\t\t<\/div>\n\t\t<\/div>\n\t\t\t\t\t<\/div>\n\t\t<\/section>\n\t\t\t\t<\/div>\n\t\t","protected":false},"excerpt":{"rendered":"<p>Impressum Sitz der GesellschaftAFFELDT Maschinenbau GmbHAltendeich 1425335 Neuendorf Gesch\u00e4ftsf\u00fchrerDipl.-Ing. Wolfgang Fass, Dipl.-Wirt.-Ing. Burkhard Volbert und M.Sc. Ludwig Volbert KontaktT\u00a0 +49 4121\u00a0 296\u00a0 0F\u00a0 +49 4121\u00a0 296 148 info@affeldt.comwww.affeldt.com RegistereintragEintragung im Handelsregister.Registergericht: 25335 Neuendorf bei ElmshornRegisternummer: AG Pinneberg HRB 8708 PI Umsatzsteuer-IdentifikationsnummerDE 2722 41 536 Gestaltung und Programmierung:websplash \/\/ Teil der McFoxx GmbHEuskirchener Stra\u00dfe 3053121 Bonntel.: [&hellip;]<\/p>\n","protected":false},"author":1,"featured_media":0,"parent":0,"menu_order":99,"comment_status":"closed","ping_status":"closed","template":"","meta":{"_acf_changed":false,"footnotes":""},"class_list":["post-3254","page","type-page","status-publish","hentry"],"acf":[],"yoast_head":"<!-- This site is optimized with the Yoast SEO plugin v27.5 - https:\/\/yoast.com\/product\/yoast-seo-wordpress\/ -->\n<title>Impressum | AFFELDT Maschinenbau GmbH<\/title>\n<meta name=\"robots\" content=\"index, follow, max-snippet:-1, max-image-preview:large, max-video-preview:-1\" \/>\n<link rel=\"canonical\" href=\"https:\/\/www.affeldt.com\/en\/impressum\/\" \/>\n<meta property=\"og:locale\" content=\"en_US\" \/>\n<meta property=\"og:type\" content=\"article\" \/>\n<meta property=\"og:title\" content=\"Impressum | AFFELDT Maschinenbau GmbH\" \/>\n<meta property=\"og:description\" content=\"Impressum Sitz der GesellschaftAFFELDT Maschinenbau GmbHAltendeich 1425335 Neuendorf Gesch\u00e4ftsf\u00fchrerDipl.-Ing. Wolfgang Fass, Dipl.-Wirt.-Ing. Burkhard Volbert und M.Sc. Ludwig Volbert KontaktT\u00a0 +49 4121\u00a0 296\u00a0 0F\u00a0 +49 4121\u00a0 296 148 info@affeldt.comwww.affeldt.com RegistereintragEintragung im Handelsregister.Registergericht: 25335 Neuendorf bei ElmshornRegisternummer: AG Pinneberg HRB 8708 PI Umsatzsteuer-IdentifikationsnummerDE 2722 41 536 Gestaltung und Programmierung:websplash \/\/ Teil der McFoxx GmbHEuskirchener Stra\u00dfe 3053121 Bonntel.: [&hellip;]\" \/>\n<meta property=\"og:url\" content=\"https:\/\/www.affeldt.com\/en\/impressum\/\" \/>\n<meta property=\"og:site_name\" content=\"AFFELDT Maschinenbau GmbH\" \/>\n<meta property=\"article:modified_time\" content=\"2024-12-05T09:52:48+00:00\" \/>\n<meta name=\"twitter:card\" content=\"summary_large_image\" \/>\n<meta name=\"twitter:label1\" content=\"Est. reading time\" \/>\n\t<meta name=\"twitter:data1\" content=\"3 minutes\" \/>\n<script type=\"application\/ld+json\" class=\"yoast-schema-graph\">{\"@context\":\"https:\\\/\\\/schema.org\",\"@graph\":[{\"@type\":\"WebPage\",\"@id\":\"https:\\\/\\\/www.affeldt.com\\\/en\\\/impressum\\\/\",\"url\":\"https:\\\/\\\/www.affeldt.com\\\/en\\\/impressum\\\/\",\"name\":\"Impressum | AFFELDT Maschinenbau GmbH\",\"isPartOf\":{\"@id\":\"https:\\\/\\\/www.affeldt.com\\\/en\\\/#website\"},\"datePublished\":\"2021-09-10T14:06:39+00:00\",\"dateModified\":\"2024-12-05T09:52:48+00:00\",\"breadcrumb\":{\"@id\":\"https:\\\/\\\/www.affeldt.com\\\/en\\\/impressum\\\/#breadcrumb\"},\"inLanguage\":\"en-US\",\"potentialAction\":[{\"@type\":\"ReadAction\",\"target\":[\"https:\\\/\\\/www.affeldt.com\\\/en\\\/impressum\\\/\"]}]},{\"@type\":\"BreadcrumbList\",\"@id\":\"https:\\\/\\\/www.affeldt.com\\\/en\\\/impressum\\\/#breadcrumb\",\"itemListElement\":[{\"@type\":\"ListItem\",\"position\":1,\"name\":\"Startseite\",\"item\":\"https:\\\/\\\/www.affeldt.com\\\/en\\\/\"},{\"@type\":\"ListItem\",\"position\":2,\"name\":\"Impressum\"}]},{\"@type\":\"WebSite\",\"@id\":\"https:\\\/\\\/www.affeldt.com\\\/en\\\/#website\",\"url\":\"https:\\\/\\\/www.affeldt.com\\\/en\\\/\",\"name\":\"AFFELDT Maschinenbau GmbH\",\"description\":\"\",\"publisher\":{\"@id\":\"https:\\\/\\\/www.affeldt.com\\\/en\\\/#organization\"},\"potentialAction\":[{\"@type\":\"SearchAction\",\"target\":{\"@type\":\"EntryPoint\",\"urlTemplate\":\"https:\\\/\\\/www.affeldt.com\\\/en\\\/?s={search_term_string}\"},\"query-input\":{\"@type\":\"PropertyValueSpecification\",\"valueRequired\":true,\"valueName\":\"search_term_string\"}}],\"inLanguage\":\"en-US\"},{\"@type\":\"Organization\",\"@id\":\"https:\\\/\\\/www.affeldt.com\\\/en\\\/#organization\",\"name\":\"AFFELDT Maschinenbau GmbH\",\"url\":\"https:\\\/\\\/www.affeldt.com\\\/en\\\/\",\"logo\":{\"@type\":\"ImageObject\",\"inLanguage\":\"en-US\",\"@id\":\"https:\\\/\\\/www.affeldt.com\\\/en\\\/#\\\/schema\\\/logo\\\/image\\\/\",\"url\":\"https:\\\/\\\/www.affeldt.com\\\/wp-content\\\/uploads\\\/AFFELDT-Schriftzug-und-Raute-und-Slogan_neu.svg\",\"contentUrl\":\"https:\\\/\\\/www.affeldt.com\\\/wp-content\\\/uploads\\\/AFFELDT-Schriftzug-und-Raute-und-Slogan_neu.svg\",\"caption\":\"AFFELDT Maschinenbau GmbH\"},\"image\":{\"@id\":\"https:\\\/\\\/www.affeldt.com\\\/en\\\/#\\\/schema\\\/logo\\\/image\\\/\"},\"sameAs\":[\"https:\\\/\\\/www.linkedin.com\\\/company\\\/affeldt-maschinenbau-gmbh\\\/\"]}]}<\/script>\n<!-- \/ Yoast SEO plugin. -->","yoast_head_json":{"title":"Impressum | AFFELDT Maschinenbau GmbH","robots":{"index":"index","follow":"follow","max-snippet":"max-snippet:-1","max-image-preview":"max-image-preview:large","max-video-preview":"max-video-preview:-1"},"canonical":"https:\/\/www.affeldt.com\/en\/impressum\/","og_locale":"en_US","og_type":"article","og_title":"Impressum | AFFELDT Maschinenbau GmbH","og_description":"Impressum Sitz der GesellschaftAFFELDT Maschinenbau GmbHAltendeich 1425335 Neuendorf Gesch\u00e4ftsf\u00fchrerDipl.-Ing. Wolfgang Fass, Dipl.-Wirt.-Ing. Burkhard Volbert und M.Sc. Ludwig Volbert KontaktT\u00a0 +49 4121\u00a0 296\u00a0 0F\u00a0 +49 4121\u00a0 296 148 info@affeldt.comwww.affeldt.com RegistereintragEintragung im Handelsregister.Registergericht: 25335 Neuendorf bei ElmshornRegisternummer: AG Pinneberg HRB 8708 PI Umsatzsteuer-IdentifikationsnummerDE 2722 41 536 Gestaltung und Programmierung:websplash \/\/ Teil der McFoxx GmbHEuskirchener Stra\u00dfe 3053121 Bonntel.: [&hellip;]","og_url":"https:\/\/www.affeldt.com\/en\/impressum\/","og_site_name":"AFFELDT Maschinenbau GmbH","article_modified_time":"2024-12-05T09:52:48+00:00","twitter_card":"summary_large_image","twitter_misc":{"Est. reading time":"3 minutes"},"schema":{"@context":"https:\/\/schema.org","@graph":[{"@type":"WebPage","@id":"https:\/\/www.affeldt.com\/en\/impressum\/","url":"https:\/\/www.affeldt.com\/en\/impressum\/","name":"Impressum | AFFELDT Maschinenbau GmbH","isPartOf":{"@id":"https:\/\/www.affeldt.com\/en\/#website"},"datePublished":"2021-09-10T14:06:39+00:00","dateModified":"2024-12-05T09:52:48+00:00","breadcrumb":{"@id":"https:\/\/www.affeldt.com\/en\/impressum\/#breadcrumb"},"inLanguage":"en-US","potentialAction":[{"@type":"ReadAction","target":["https:\/\/www.affeldt.com\/en\/impressum\/"]}]},{"@type":"BreadcrumbList","@id":"https:\/\/www.affeldt.com\/en\/impressum\/#breadcrumb","itemListElement":[{"@type":"ListItem","position":1,"name":"Startseite","item":"https:\/\/www.affeldt.com\/en\/"},{"@type":"ListItem","position":2,"name":"Impressum"}]},{"@type":"WebSite","@id":"https:\/\/www.affeldt.com\/en\/#website","url":"https:\/\/www.affeldt.com\/en\/","name":"AFFELDT Maschinenbau GmbH","description":"","publisher":{"@id":"https:\/\/www.affeldt.com\/en\/#organization"},"potentialAction":[{"@type":"SearchAction","target":{"@type":"EntryPoint","urlTemplate":"https:\/\/www.affeldt.com\/en\/?s={search_term_string}"},"query-input":{"@type":"PropertyValueSpecification","valueRequired":true,"valueName":"search_term_string"}}],"inLanguage":"en-US"},{"@type":"Organization","@id":"https:\/\/www.affeldt.com\/en\/#organization","name":"AFFELDT Maschinenbau GmbH","url":"https:\/\/www.affeldt.com\/en\/","logo":{"@type":"ImageObject","inLanguage":"en-US","@id":"https:\/\/www.affeldt.com\/en\/#\/schema\/logo\/image\/","url":"https:\/\/www.affeldt.com\/wp-content\/uploads\/AFFELDT-Schriftzug-und-Raute-und-Slogan_neu.svg","contentUrl":"https:\/\/www.affeldt.com\/wp-content\/uploads\/AFFELDT-Schriftzug-und-Raute-und-Slogan_neu.svg","caption":"AFFELDT Maschinenbau GmbH"},"image":{"@id":"https:\/\/www.affeldt.com\/en\/#\/schema\/logo\/image\/"},"sameAs":["https:\/\/www.linkedin.com\/company\/affeldt-maschinenbau-gmbh\/"]}]}},"_links":{"self":[{"href":"https:\/\/www.affeldt.com\/en\/wp-json\/wp\/v2\/pages\/3254","targetHints":{"allow":["GET"]}}],"collection":[{"href":"https:\/\/www.affeldt.com\/en\/wp-json\/wp\/v2\/pages"}],"about":[{"href":"https:\/\/www.affeldt.com\/en\/wp-json\/wp\/v2\/types\/page"}],"author":[{"embeddable":true,"href":"https:\/\/www.affeldt.com\/en\/wp-json\/wp\/v2\/users\/1"}],"replies":[{"embeddable":true,"href":"https:\/\/www.affeldt.com\/en\/wp-json\/wp\/v2\/comments?post=3254"}],"version-history":[{"count":24,"href":"https:\/\/www.affeldt.com\/en\/wp-json\/wp\/v2\/pages\/3254\/revisions"}],"predecessor-version":[{"id":5061,"href":"https:\/\/www.affeldt.com\/en\/wp-json\/wp\/v2\/pages\/3254\/revisions\/5061"}],"wp:attachment":[{"href":"https:\/\/www.affeldt.com\/en\/wp-json\/wp\/v2\/media?parent=3254"}],"curies":[{"name":"wp","href":"https:\/\/api.w.org\/{rel}","templated":true}]}}